{"id":7,"date":"2016-11-08T11:17:08","date_gmt":"2016-11-08T11:17:08","guid":{"rendered":"http:\/\/inf0rmatix.de\/?page_id=7"},"modified":"2018-10-15T13:31:17","modified_gmt":"2018-10-15T13:31:17","slug":"inf0rmatix","status":"publish","type":"page","link":"https:\/\/inf0rmatix.de\/?page_id=7","title":{"rendered":"Wer ist Inf0rmatix?"},"content":{"rendered":"<p>Wer ist Inf0rmatix?<\/p>\n<p>Ich bin Inf0rmatix, 1995 in Hamburg geboren,\u00a0Student an der Technischen Hochschule Mittelhessen im Studiengang Informatik Bachelor.<\/p>\n<p>Neben dem Studium bin ich ehrenamtlich beim THW OV Friedberg aktiv und arbeite bei detim IT Consulting.<br \/>\nAu\u00dferdem bin ich bis Ende 2017 Bursch der\u00a0Burschenschaft Germania Gie\u00dfen gewesen. Dort bilden wir uns politisch und gesellschaftlich, veranstalten Hausabende mit Vortr\u00e4gen, Spieleabende sowie Filmabende. Au\u00dferdem verfolgen wir die Sportart des akademischen Fechtens mit Leidenschaft, ein guter Ausgleich zum langen Stilsitzen im Studium.<\/p>\n<p>Meine Freizeit bestreite ich mit dem Lesen von B\u00fcchern, Klavier, Gitarre und Harfe spielen. Zus\u00e4tzlich gehe ich dem Hobby &#8220;Living History&#8221; nach und stelle dort einen Wikinger um 950 n. Chr. dar, sowie den franz\u00f6sischen Adligen Paul d\u00b4Alencon und halte mit dieser zweiten Darstellung das Erbe meines guten Freundes Bernd Loscher, auch bekannt als Pierre Comte de Vieux Cond\u00e9, in Ehren. Gott hab ihn seelig.<\/p>\n<p>Neben all diesen Themen hege ich ein Faible f\u00fcr die Seefahrt, das Meer und die Sch\u00f6nheit der Natur.<\/p>\n","protected":false},"excerpt":{"rendered":"<p>Wer ist Inf0rmatix? Ich bin Inf0rmatix, 1995 in Hamburg geboren,\u00a0Student an der Technischen Hochschule Mittelhessen im Studiengang Informatik Bachelor. Neben dem Studium bin ich ehrenamtlich beim THW OV Friedberg aktiv und arbeite bei detim IT Consulting. Au\u00dferdem bin ich bis Ende 2017 Bursch der\u00a0Burschenschaft Germania Gie\u00dfen gewesen. Dort bilden wir uns politisch und gesellschaftlich, veranstalten [&hellip;]<\/p>\n","protected":false},"author":2,"featured_media":0,"parent":0,"menu_order":0,"comment_status":"closed","ping_status":"closed","template":"","meta":[],"_links":{"self":[{"href":"https:\/\/inf0rmatix.de\/index.php?rest_route=\/wp\/v2\/pages\/7"}],"collection":[{"href":"https:\/\/inf0rmatix.de\/index.php?rest_route=\/wp\/v2\/pages"}],"about":[{"href":"https:\/\/inf0rmatix.de\/index.php?rest_route=\/wp\/v2\/types\/page"}],"author":[{"embeddable":true,"href":"https:\/\/inf0rmatix.de\/index.php?rest_route=\/wp\/v2\/users\/2"}],"replies":[{"embeddable":true,"href":"https:\/\/inf0rmatix.de\/index.php?rest_route=%2Fwp%2Fv2%2Fcomments&post=7"}],"version-history":[{"count":7,"href":"https:\/\/inf0rmatix.de\/index.php?rest_route=\/wp\/v2\/pages\/7\/revisions"}],"predecessor-version":[{"id":139,"href":"https:\/\/inf0rmatix.de\/index.php?rest_route=\/wp\/v2\/pages\/7\/revisions\/139"}],"wp:attachment":[{"href":"https:\/\/inf0rmatix.de\/index.php?rest_route=%2Fwp%2Fv2%2Fmedia&parent=7"}],"curies":[{"name":"wp","href":"https:\/\/api.w.org\/{rel}","templated":true}]}}